{"id":362,"date":"2023-02-05T11:40:59","date_gmt":"2023-02-05T11:40:59","guid":{"rendered":"https:\/\/beziehungsweise-systemisch.com\/?page_id=362"},"modified":"2023-02-08T18:05:37","modified_gmt":"2023-02-08T18:05:37","slug":"systemische-beratung","status":"publish","type":"page","link":"https:\/\/beziehungsweise-systemisch.com\/?page_id=362","title":{"rendered":"Systemische Beratung"},"content":{"rendered":"<h1><strong>Was ist systemische Beratung?<img loading=\"lazy\" decoding=\"async\" class=\"size-medium wp-image-511 alignright\" src=\"https:\/\/beziehungsweise-systemisch.com\/wp-content\/uploads\/2023\/02\/chairs-971910_1920-quadratisch-300x300.jpg\" alt=\"\" width=\"300\" height=\"300\" srcset=\"https:\/\/beziehungsweise-systemisch.com\/wp-content\/uploads\/2023\/02\/chairs-971910_1920-quadratisch-300x300.jpg 300w, https:\/\/beziehungsweise-systemisch.com\/wp-content\/uploads\/2023\/02\/chairs-971910_1920-quadratisch-1024x1019.jpg 1024w, https:\/\/beziehungsweise-systemisch.com\/wp-content\/uploads\/2023\/02\/chairs-971910_1920-quadratisch-150x150.jpg 150w, https:\/\/beziehungsweise-systemisch.com\/wp-content\/uploads\/2023\/02\/chairs-971910_1920-quadratisch-768x765.jpg 768w, https:\/\/beziehungsweise-systemisch.com\/wp-content\/uploads\/2023\/02\/chairs-971910_1920-quadratisch-230x230.jpg 230w, https:\/\/beziehungsweise-systemisch.com\/wp-content\/uploads\/2023\/02\/chairs-971910_1920-quadratisch-365x365.jpg 365w, https:\/\/beziehungsweise-systemisch.com\/wp-content\/uploads\/2023\/02\/chairs-971910_1920-quadratisch.jpg 1115w\" sizes=\"auto, (max-width: 300px) 100vw, 300px\" \/><\/strong><\/h1>\n<p>Das systemische Arbeiten, das sich zun\u00e4chst als \u201eFamilientherapie\u201c etablierte, findet sich heute &#8211; auch unabh\u00e4ngig vom Familiensetting \u2013 als Einzel-, Paar-, Familien- und Gruppentherapie bzw.-beratung. Es handelt sich um ein wissenschaftlich anerkanntes Verfahren mit einer Vielzahl an Methoden und Anwendungsm\u00f6glichkeiten.<\/p>\n<p>Ein Problem oder Symptom wird hier nicht nur als Problem der betroffenen Person, sondern im gesamten Kontext betrachtet, in dem es auftaucht. Wir alle leben nicht im luftleeren Raum, sondern immer in Beziehung zu anderen Menschen, sei es die Familie, das berufliche Umfeld, die Nachbarschaft oder der Freundeskreis.Was geschieht zwischen Menschen, wie reagieren sie aufeinander? Wie gestalten sie das Zusammenleben miteinander?<\/p>\n<p>Der Schwerpunkt der systemischen Beratung liegt dabei weniger auf der Erforschung der Ursachen als vielmehr auf der Suche nach L\u00f6sungsm\u00f6glichkeiten und neuen Sichtweisen. Ausgehend vom Anliegen der einzelnen Person spielen deren pers\u00f6nliche St\u00e4rken und F\u00e4higkeiten eine ganz zentrale Rolle. Innerhalb des Beratungsprozesses werden diese bei jedem Menschen vorhandenen und manchmal (noch) nicht zug\u00e4nglichen Ressourcen in den Blick genommen, um neue Handlungsspielr\u00e4ume und Perspektiven schaffen zu k\u00f6nnen. In diesem Sinne kann die systemische Beratung auch als Hilfe zur Selbsthilfe betrachtet werden, bei der die beratende Person auf der Suche nach L\u00f6sungswegen, dem Nutzen von Ressourcen oder bei Ver\u00e4nderungsprozessen Unterst\u00fctzung, Begleitung und Ermutigung anbietet.<\/p>\n<p>Wenn Sie mehr dazu lesen m\u00f6chten, dann k\u00f6nnten folgende Seiten der beiden Dachverb\u00e4nde interessant f\u00fcr Sie sein:<\/p>\n<ul>\n<li>Systemische Gesellschaft (SG) \u00a0 <a href=\"http:\/\/www.systemische-gesellschaft.de\">www.systemische-gesellschaft.de<\/a><\/li>\n<li>Deutsche Gesellschaft f\u00fcr systemische Therapie und Familientherapie (DGSF)<a href=\"http:\/\/www.dgsf.org\"> www.dgsf.org<\/a><\/li>\n<\/ul>\n","protected":false},"excerpt":{"rendered":"<p>Systemische Beratung<\/p>\n","protected":false},"author":1,"featured_media":450,"parent":0,"menu_order":0,"comment_status":"closed","ping_status":"closed","template":"","meta":{"footnotes":""},"class_list":["post-362","page","type-page","status-publish","has-post-thumbnail","hentry"],"_links":{"self":[{"href":"https:\/\/beziehungsweise-systemisch.com\/index.php?rest_route=\/wp\/v2\/pages\/362","targetHints":{"allow":["GET"]}}],"collection":[{"href":"https:\/\/beziehungsweise-systemisch.com\/index.php?rest_route=\/wp\/v2\/pages"}],"about":[{"href":"https:\/\/beziehungsweise-systemisch.com\/index.php?rest_route=\/wp\/v2\/types\/page"}],"author":[{"embeddable":true,"href":"https:\/\/beziehungsweise-systemisch.com\/index.php?rest_route=\/wp\/v2\/users\/1"}],"replies":[{"embeddable":true,"href":"https:\/\/beziehungsweise-systemisch.com\/index.php?rest_route=%2Fwp%2Fv2%2Fcomments&post=362"}],"version-history":[{"count":6,"href":"https:\/\/beziehungsweise-systemisch.com\/index.php?rest_route=\/wp\/v2\/pages\/362\/revisions"}],"predecessor-version":[{"id":512,"href":"https:\/\/beziehungsweise-systemisch.com\/index.php?rest_route=\/wp\/v2\/pages\/362\/revisions\/512"}],"wp:featuredmedia":[{"embeddable":true,"href":"https:\/\/beziehungsweise-systemisch.com\/index.php?rest_route=\/wp\/v2\/media\/450"}],"wp:attachment":[{"href":"https:\/\/beziehungsweise-systemisch.com\/index.php?rest_route=%2Fwp%2Fv2%2Fmedia&parent=362"}],"curies":[{"name":"wp","href":"https:\/\/api.w.org\/{rel}","templated":true}]}}