{"id":360,"date":"2023-02-05T11:40:29","date_gmt":"2023-02-05T11:40:29","guid":{"rendered":"https:\/\/beziehungsweise-systemisch.com\/?page_id=360"},"modified":"2023-02-08T19:31:14","modified_gmt":"2023-02-08T19:31:14","slug":"step-elterntraining","status":"publish","type":"page","link":"https:\/\/beziehungsweise-systemisch.com\/?page_id=360","title":{"rendered":"STEP-Elterntraining"},"content":{"rendered":"<h1><strong>Wozu ein Elterntraining?<img loading=\"lazy\" decoding=\"async\" class=\"size-medium wp-image-489 alignright\" src=\"https:\/\/beziehungsweise-systemisch.com\/wp-content\/uploads\/2023\/02\/hands-quadatisch-Schatten-300x300.jpg\" alt=\"\" width=\"300\" height=\"300\" srcset=\"https:\/\/beziehungsweise-systemisch.com\/wp-content\/uploads\/2023\/02\/hands-quadatisch-Schatten-300x300.jpg 300w, https:\/\/beziehungsweise-systemisch.com\/wp-content\/uploads\/2023\/02\/hands-quadatisch-Schatten-1024x1024.jpg 1024w, https:\/\/beziehungsweise-systemisch.com\/wp-content\/uploads\/2023\/02\/hands-quadatisch-Schatten-150x150.jpg 150w, https:\/\/beziehungsweise-systemisch.com\/wp-content\/uploads\/2023\/02\/hands-quadatisch-Schatten-768x768.jpg 768w, https:\/\/beziehungsweise-systemisch.com\/wp-content\/uploads\/2023\/02\/hands-quadatisch-Schatten-230x230.jpg 230w, https:\/\/beziehungsweise-systemisch.com\/wp-content\/uploads\/2023\/02\/hands-quadatisch-Schatten-365x365.jpg 365w, https:\/\/beziehungsweise-systemisch.com\/wp-content\/uploads\/2023\/02\/hands-quadatisch-Schatten.jpg 1252w\" sizes=\"auto, (max-width: 300px) 100vw, 300px\" \/><\/strong><\/h1>\n<p>Das Zusammenleben in der Familie verl\u00e4uft nicht automatisch reibungslos und spannungsfrei. Familien stehen heutzutage vor vielen Herausforderungen, die vorangegangene Generationen zum Teil gar nicht kannten. Der verantwortungsvolle Umgang mit der Vielzahl moderner Medien ist nur ein Beispiel f\u00fcr die Aufgaben in unserer komplexen Gesellschaft.<\/p>\n<p>Nicht selten bedeutet Familie sein heute, sich zugleich im Spannungsfeld zwischen Anforderung, \u00dcberforderung, Respektlosigkeit und Hilflosigkeit zu bewegen. Sinnvolle Regeln, klare Grenzen, das gesamte Miteinander m\u00fcssen aufeinander abgestimmt werden.<\/p>\n<p>Das systematische Elterntraining bietet Eltern die M\u00f6glichkeit, in Gruppen zwischen 6 und maximal 12 Personen in einem gesch\u00fctzten Rahmen das eigene<\/p>\n<p>Erziehungsverhalten zu reflektieren und neue Handlungsstrategien kennenzulernen sowie auszuprobieren.<\/p>\n<h1><strong>Wer oder was steckt hinter STEP?<\/strong><\/h1>\n<p>STEP, Systematisches Training f\u00fcr Eltern und P\u00e4dagogen, basiert auf den Erkenntnissen der Individualpsychologie Alfred Adlers und Rudolf Dreikurs&#8216;.<\/p>\n<p>Eltern lernen systematisch und praktisch, wie in der Familie respektvolles und wertsch\u00e4tzendes Miteinander gelingen kann. Sie werden sicherer im Umgang mit verschiedenen Herausforderungen des Zusammenlebens. Im Laufe der insgesamt zehn ca. 2-st\u00fcndigen Treffen gibt es immer wieder Gelegenheit, sich auszutauschen, mit- und voneinander zu lernen und Ermutigung als einen Grundpfeiler des seit Jahren bew\u00e4hrten Konzepts immer wieder selbst zu erfahren.<\/p>\n<p>Das Bundesministerium f\u00fcr Bildung und Forschung f\u00f6rdert die Evaluation des STEP Konzepts im Rahmen der Pr\u00e4ventionsforschung. Unter der Leitung von Prof. Dr. Klaus Hurrelmann, Universit\u00e4t Bielefeld, wurde STEP zwischen 2006 und 2009 bereits wissenschaftlich begleitet.<\/p>\n<p>Mehr \u00fcber STEP erfahren Sie unter <a href=\"http:\/\/www.instep-online.de\">www.instep-online.de<\/a><\/p>\n<h1><strong>Mein Angebot<\/strong><\/h1>\n<p>Ich biete folgende STEP Kurse f\u00fcr Eltern an:<\/p>\n<ul>\n<li>STEP Kurs f\u00fcr Eltern von Kindern aller Altersgruppen<\/li>\n<li>STEP Kurs speziell f\u00fcr Eltern von Teenagern<\/li>\n<\/ul>\n<p>Dar\u00fcber hinaus halte ich auf Anfrage f\u00fcr Eltern, LehrerInnen und Studierende Vortr\u00e4ge und Workshops rund um STEP und das Thema Erziehung in Schulen, Hochschulen, Volkshochschulen und \u00e4hnlichen Einrichtungen.<\/p>\n<p>Aktuelle bzw. geplante Kurstermine finden Sie unter <a href=\"http:\/\/www.instep-online.de\">www.instep-online.de<\/a> unter dem Punkt \u201eEltern, Gro\u00dfeltern\u201c. Dort k\u00f6nnen Sie sich bei Interesse auch direkt f\u00fcr ein Elterntraining anmelden. Oder Sie kontaktieren mich direkt \u00fcber diese Homepage unter \u201eKontakt\u201c bzw. rufen mich an.<\/p>\n<h1><strong>Aktuelles Kursangebot<\/strong><\/h1>\n<p>Aktuell gibt es von mir kein Kursangebot.<\/p>\n","protected":false},"excerpt":{"rendered":"<p>STEP Elterntraining<\/p>\n","protected":false},"author":1,"featured_media":452,"parent":0,"menu_order":0,"comment_status":"closed","ping_status":"closed","template":"","meta":{"footnotes":""},"class_list":["post-360","page","type-page","status-publish","has-post-thumbnail","hentry"],"_links":{"self":[{"href":"https:\/\/beziehungsweise-systemisch.com\/index.php?rest_route=\/wp\/v2\/pages\/360","targetHints":{"allow":["GET"]}}],"collection":[{"href":"https:\/\/beziehungsweise-systemisch.com\/index.php?rest_route=\/wp\/v2\/pages"}],"about":[{"href":"https:\/\/beziehungsweise-systemisch.com\/index.php?rest_route=\/wp\/v2\/types\/page"}],"author":[{"embeddable":true,"href":"https:\/\/beziehungsweise-systemisch.com\/index.php?rest_route=\/wp\/v2\/users\/1"}],"replies":[{"embeddable":true,"href":"https:\/\/beziehungsweise-systemisch.com\/index.php?rest_route=%2Fwp%2Fv2%2Fcomments&post=360"}],"version-history":[{"count":14,"href":"https:\/\/beziehungsweise-systemisch.com\/index.php?rest_route=\/wp\/v2\/pages\/360\/revisions"}],"predecessor-version":[{"id":538,"href":"https:\/\/beziehungsweise-systemisch.com\/index.php?rest_route=\/wp\/v2\/pages\/360\/revisions\/538"}],"wp:featuredmedia":[{"embeddable":true,"href":"https:\/\/beziehungsweise-systemisch.com\/index.php?rest_route=\/wp\/v2\/media\/452"}],"wp:attachment":[{"href":"https:\/\/beziehungsweise-systemisch.com\/index.php?rest_route=%2Fwp%2Fv2%2Fmedia&parent=360"}],"curies":[{"name":"wp","href":"https:\/\/api.w.org\/{rel}","templated":true}]}}