{"id":337,"date":"2023-02-05T11:25:30","date_gmt":"2023-02-05T11:25:30","guid":{"rendered":"https:\/\/beziehungsweise-systemisch.com\/?page_id=337"},"modified":"2023-02-06T19:09:41","modified_gmt":"2023-02-06T19:09:41","slug":"gesundheitscoaching","status":"publish","type":"page","link":"https:\/\/beziehungsweise-systemisch.com\/?page_id=337","title":{"rendered":"Gesundheitscoaching"},"content":{"rendered":"<h1><strong>Systemisches Gesundheitscoaching<\/strong><\/h1>\n<h2>Kooperation mit gesetzlichen Krankenkassen<img loading=\"lazy\" decoding=\"async\" class=\"size-medium wp-image-467 alignright\" src=\"https:\/\/beziehungsweise-systemisch.com\/wp-content\/uploads\/2023\/02\/Steine-Schatten6-300x300.png\" alt=\"\" width=\"300\" height=\"300\" srcset=\"https:\/\/beziehungsweise-systemisch.com\/wp-content\/uploads\/2023\/02\/Steine-Schatten6-300x300.png 300w, https:\/\/beziehungsweise-systemisch.com\/wp-content\/uploads\/2023\/02\/Steine-Schatten6-1024x1024.png 1024w, https:\/\/beziehungsweise-systemisch.com\/wp-content\/uploads\/2023\/02\/Steine-Schatten6-150x150.png 150w, https:\/\/beziehungsweise-systemisch.com\/wp-content\/uploads\/2023\/02\/Steine-Schatten6-768x768.png 768w, https:\/\/beziehungsweise-systemisch.com\/wp-content\/uploads\/2023\/02\/Steine-Schatten6-230x230.png 230w, https:\/\/beziehungsweise-systemisch.com\/wp-content\/uploads\/2023\/02\/Steine-Schatten6-365x365.png 365w, https:\/\/beziehungsweise-systemisch.com\/wp-content\/uploads\/2023\/02\/Steine-Schatten6.png 1250w\" sizes=\"auto, (max-width: 300px) 100vw, 300px\" \/><\/h2>\n<p>Mehrere gesetzliche Krankenkassen \u00fcbernehmen bereits die Kosten f\u00fcr ein Systemisches Gesundheitscoaching, da bereits entsprechende Kooperationsvertr\u00e4ge mit dem Versorgungspartner <a href=\"http:\/\/www.systheb.de\" target=\"_blank\" rel=\"noopener noreferrer\">SYSTHEB UG <\/a>bestehen. Ziel des Systemischen Gesundheitscoachings ist eine wohnortnahe, schnelle Hilfe und Unterst\u00fctzung f\u00fcr Menschen mit psychischen Erkrankungen.<\/p>\n<p>So k\u00f6nnen lange Wartezeiten f\u00fcr freie Therapiepl\u00e4tze vermieden und eine z\u00fcgige, nachhaltige seelische Stabilisierung erreicht werden. Indem das Systemische Gesundheitscoaching die bereits vorhandenen Ressourcen und Kr\u00e4fte der Klienten aktiviert und ausbaut, wird der Klient in seiner Selbstf\u00fcrsorge unterst\u00fctzt. Dies kann zu einer erheblichen Verbesserung des psychischen Empfindens f\u00fchren.<\/p>\n<p>Das Gesundheitscoaching kommt in Frage, wenn der behandelnde Arzt eine der folgenden Diagnosen gestellt hat:<\/p>\n<ul>\n<li>Depression<\/li>\n<li>Phobien, Angst- oder Panikst\u00f6rungen<\/li>\n<li>Burn-out<\/li>\n<li>Somatoforme St\u00f6rungen<\/li>\n<li>Schlafst\u00f6rungen<\/li>\n<\/ul>\n<p>Gerne k\u00f6nnen Sie mit mir Kontakt aufnehmen, um gemeinsam zu \u00fcberpr\u00fcfen, ob eine \u00dcbernahme der Kosten des Coachings durch Ihre Krankenkasse m\u00f6glich ist.<\/p>\n","protected":false},"excerpt":{"rendered":"<p>Gesundheitscoaching<\/p>\n","protected":false},"author":1,"featured_media":453,"parent":0,"menu_order":0,"comment_status":"closed","ping_status":"closed","template":"","meta":{"footnotes":""},"class_list":["post-337","page","type-page","status-publish","has-post-thumbnail","hentry"],"_links":{"self":[{"href":"https:\/\/beziehungsweise-systemisch.com\/index.php?rest_route=\/wp\/v2\/pages\/337","targetHints":{"allow":["GET"]}}],"collection":[{"href":"https:\/\/beziehungsweise-systemisch.com\/index.php?rest_route=\/wp\/v2\/pages"}],"about":[{"href":"https:\/\/beziehungsweise-systemisch.com\/index.php?rest_route=\/wp\/v2\/types\/page"}],"author":[{"embeddable":true,"href":"https:\/\/beziehungsweise-systemisch.com\/index.php?rest_route=\/wp\/v2\/users\/1"}],"replies":[{"embeddable":true,"href":"https:\/\/beziehungsweise-systemisch.com\/index.php?rest_route=%2Fwp%2Fv2%2Fcomments&post=337"}],"version-history":[{"count":13,"href":"https:\/\/beziehungsweise-systemisch.com\/index.php?rest_route=\/wp\/v2\/pages\/337\/revisions"}],"predecessor-version":[{"id":468,"href":"https:\/\/beziehungsweise-systemisch.com\/index.php?rest_route=\/wp\/v2\/pages\/337\/revisions\/468"}],"wp:featuredmedia":[{"embeddable":true,"href":"https:\/\/beziehungsweise-systemisch.com\/index.php?rest_route=\/wp\/v2\/media\/453"}],"wp:attachment":[{"href":"https:\/\/beziehungsweise-systemisch.com\/index.php?rest_route=%2Fwp%2Fv2%2Fmedia&parent=337"}],"curies":[{"name":"wp","href":"https:\/\/api.w.org\/{rel}","templated":true}]}}