{"id":335,"date":"2023-02-05T11:24:53","date_gmt":"2023-02-05T11:24:53","guid":{"rendered":"https:\/\/beziehungsweise-systemisch.com\/?page_id=335"},"modified":"2026-02-02T19:14:20","modified_gmt":"2026-02-02T19:14:20","slug":"dauer-und-kosten","status":"publish","type":"page","link":"https:\/\/beziehungsweise-systemisch.com\/?page_id=335","title":{"rendered":"Dauer und Kosten"},"content":{"rendered":"<h1><strong>Erstgespr\u00e4ch<\/strong><\/h1>\n<p>In einem Erstgespr\u00e4ch haben wir zun\u00e4chst die Gelegenheit, uns kennenzulernen und zu kl\u00e4ren, inwieweit eine Beratung f\u00fcr Ihr Anliegen bei mir sinnvoll sein kann.<\/p>\n<p>Einzelpersonen: 60,- \u20ac (ca. 60 min), <strong>ab 1.4.26<\/strong>: 70,- \u20ac<em><br \/>\n<\/em><\/p>\n<p>Paare: 90,- \u20ac (ca. 90 min), <strong>ab 1.4.26:<\/strong> 100,- \u20ac<em><br \/>\n<\/em><\/p>\n<p>Familien: 100,- \u20ac (ca. 90 min), <strong>ab 1.4.26<\/strong>: 120,- \u20ac<\/p>\n<p>Dar\u00fcber hinaus k\u00f6nnen wir sehen, ob eine gemeinsame und vertrauensvolle Arbeit vorstellbar ist.<\/p>\n<p><img loading=\"lazy\" decoding=\"async\" class=\" wp-image-513 alignright\" src=\"https:\/\/beziehungsweise-systemisch.com\/wp-content\/uploads\/2023\/02\/hourglass-620397_1920-schatten-240x300.jpg\" alt=\"\" width=\"322\" height=\"403\" srcset=\"https:\/\/beziehungsweise-systemisch.com\/wp-content\/uploads\/2023\/02\/hourglass-620397_1920-schatten-240x300.jpg 240w, https:\/\/beziehungsweise-systemisch.com\/wp-content\/uploads\/2023\/02\/hourglass-620397_1920-schatten-819x1024.jpg 819w, https:\/\/beziehungsweise-systemisch.com\/wp-content\/uploads\/2023\/02\/hourglass-620397_1920-schatten-768x960.jpg 768w, https:\/\/beziehungsweise-systemisch.com\/wp-content\/uploads\/2023\/02\/hourglass-620397_1920-schatten.jpg 1182w\" sizes=\"auto, (max-width: 322px) 100vw, 322px\" \/><\/p>\n<h1><strong>&#8230; und wie geht es weiter?<\/strong><\/h1>\n<p>Wenn eine vertrauensvolle Zusammenarbeit mit mir f\u00fcr Sie vorstellbar ist und Sie sich entscheiden, weitere Beratungssitzungen in Anspruch zu nehmen, gelten folgende Bedingungen:<\/p>\n<h2>Einzelberatung<\/h2>\n<p>F\u00fcr 60 min f\u00e4llt ein Honorar von 80,- \u20ac an (<strong>ab 1.4.26<\/strong>: 90,- \u20ac).<\/p>\n<p>Werden 90 min vereinbart f\u00e4llt ein Honorar von 120,- \u20ac an (<strong>ab 1.4.26:<\/strong> 130,- \u20ac).<\/p>\n<h2>Paarberatung<\/h2>\n<p>Eine Paarberatung dauert in der Regel 90 min.<\/p>\n<p>Hierf\u00fcr f\u00e4llt ein Honorar von 120,- \u20ac an (<strong>ab 1.4.26<\/strong>: 130,- \u20ac).<\/p>\n<h2>Familienberatung<\/h2>\n<p>F\u00fcr 90 min berechne ich 140,- \u20ac (<strong>ab 1.4.26:<\/strong> 150,- \u20ac).<\/p>\n<p>Wie viele Sitzungen erforderlich sind, ist ganz unterschiedlich und wird individuell besprochen. H\u00e4ufig finden die Sitzungen in einem 14-t\u00e4gigen Abstand statt. Auch die Abst\u00e4nde h\u00e4ngen jedoch immer vom individuellen Anliegen und dem jeweiligen Beratungsprozess ab und unterliegen keiner strikt festgelegten Regelung. Beides wird im gemeinsamen Gespr\u00e4ch miteinander vereinbart.<\/p>\n<p>Aufgrund des Kleinunternehmerstatus gem. \u00a7 19 UStG erhebe ich keine Umsatzsteuer und weise diese daher auch nicht aus.<\/p>\n","protected":false},"excerpt":{"rendered":"<p>Erstgespr\u00e4ch In einem Erstgespr\u00e4ch haben wir zun\u00e4chst die Gelegenheit, uns kennenzulernen und zu kl\u00e4ren, inwieweit eine Beratung f\u00fcr Ihr Anliegen bei mir sinnvoll sein kann. Einzelpersonen: 60,- \u20ac (ca. 60 min), ab 1.4.26: 70,- \u20ac Paare: 90,- \u20ac (ca. 90<\/p>\n","protected":false},"author":1,"featured_media":0,"parent":0,"menu_order":0,"comment_status":"closed","ping_status":"closed","template":"","meta":{"footnotes":""},"class_list":["post-335","page","type-page","status-publish","hentry"],"_links":{"self":[{"href":"https:\/\/beziehungsweise-systemisch.com\/index.php?rest_route=\/wp\/v2\/pages\/335","targetHints":{"allow":["GET"]}}],"collection":[{"href":"https:\/\/beziehungsweise-systemisch.com\/index.php?rest_route=\/wp\/v2\/pages"}],"about":[{"href":"https:\/\/beziehungsweise-systemisch.com\/index.php?rest_route=\/wp\/v2\/types\/page"}],"author":[{"embeddable":true,"href":"https:\/\/beziehungsweise-systemisch.com\/index.php?rest_route=\/wp\/v2\/users\/1"}],"replies":[{"embeddable":true,"href":"https:\/\/beziehungsweise-systemisch.com\/index.php?rest_route=%2Fwp%2Fv2%2Fcomments&post=335"}],"version-history":[{"count":9,"href":"https:\/\/beziehungsweise-systemisch.com\/index.php?rest_route=\/wp\/v2\/pages\/335\/revisions"}],"predecessor-version":[{"id":594,"href":"https:\/\/beziehungsweise-systemisch.com\/index.php?rest_route=\/wp\/v2\/pages\/335\/revisions\/594"}],"wp:attachment":[{"href":"https:\/\/beziehungsweise-systemisch.com\/index.php?rest_route=%2Fwp%2Fv2%2Fmedia&parent=335"}],"curies":[{"name":"wp","href":"https:\/\/api.w.org\/{rel}","templated":true}]}}