{"id":321,"date":"2023-02-05T11:17:35","date_gmt":"2023-02-05T11:17:35","guid":{"rendered":"https:\/\/beziehungsweise-systemisch.com\/?page_id=321"},"modified":"2026-02-02T19:15:09","modified_gmt":"2026-02-02T19:15:09","slug":"aktuelles","status":"publish","type":"page","link":"https:\/\/beziehungsweise-systemisch.com\/?page_id=321","title":{"rendered":"Aktuelles"},"content":{"rendered":"<p>Liebe Klient*innen,<\/p>\n<p><strong>beachten Sie bitte die ge\u00e4nderten Kosten ab 1.4.26 (zu finden unter <a href=\"https:\/\/beziehungsweise-systemisch.com\/?page_id=335\">Dauer und Kosten<\/a>)!<\/strong><\/p>\n<p>Bleiben Sie gesund und sorgen Sie gut f\u00fcr sich!<\/p>\n<p>Ihre Britta St\u00f6hr<i><\/i><\/p>\n","protected":false},"excerpt":{"rendered":"<p>Liebe Klient*innen, beachten Sie bitte die ge\u00e4nderten Kosten ab 1.4.26 (zu finden unter Dauer und Kosten)! Bleiben Sie gesund und sorgen Sie gut f\u00fcr sich! Ihre Britta St\u00f6hr<\/p>\n","protected":false},"author":1,"featured_media":0,"parent":0,"menu_order":0,"comment_status":"closed","ping_status":"closed","template":"","meta":{"footnotes":""},"class_list":["post-321","page","type-page","status-publish","hentry"],"_links":{"self":[{"href":"https:\/\/beziehungsweise-systemisch.com\/index.php?rest_route=\/wp\/v2\/pages\/321","targetHints":{"allow":["GET"]}}],"collection":[{"href":"https:\/\/beziehungsweise-systemisch.com\/index.php?rest_route=\/wp\/v2\/pages"}],"about":[{"href":"https:\/\/beziehungsweise-systemisch.com\/index.php?rest_route=\/wp\/v2\/types\/page"}],"author":[{"embeddable":true,"href":"https:\/\/beziehungsweise-systemisch.com\/index.php?rest_route=\/wp\/v2\/users\/1"}],"replies":[{"embeddable":true,"href":"https:\/\/beziehungsweise-systemisch.com\/index.php?rest_route=%2Fwp%2Fv2%2Fcomments&post=321"}],"version-history":[{"count":10,"href":"https:\/\/beziehungsweise-systemisch.com\/index.php?rest_route=\/wp\/v2\/pages\/321\/revisions"}],"predecessor-version":[{"id":595,"href":"https:\/\/beziehungsweise-systemisch.com\/index.php?rest_route=\/wp\/v2\/pages\/321\/revisions\/595"}],"wp:attachment":[{"href":"https:\/\/beziehungsweise-systemisch.com\/index.php?rest_route=%2Fwp%2Fv2%2Fmedia&parent=321"}],"curies":[{"name":"wp","href":"https:\/\/api.w.org\/{rel}","templated":true}]}}